{"id":2,"date":"2021-12-01T21:41:00","date_gmt":"2021-12-01T20:41:00","guid":{"rendered":"http:\/\/starter-wp\/?page_id=2"},"modified":"2021-12-01T21:41:00","modified_gmt":"2021-12-01T20:41:00","slug":"page-d-exemple","status":"publish","type":"page","link":"https:\/\/sigewigus.com\/en\/page-d-exemple\/","title":{"rendered":"Sample Page"},"content":{"rendered":"<p>This is an example page. This is different from a blog post because it will stay in one place and appear in your site navigation (in most themes). Most people start with an \u201cAbout\u201d page that introduces them to people visiting the site. It might look something like this:<\/p>\n\n\n\n<blockquote class=\"wp-block-quote is-layout-flow wp-block-quote-is-layout-flow\"><p>Good morning ! I&#039;m a mechanic who aspires to be an actor, and this is my site. I live in Bordeaux, I have a great dog named Russell, and I love vodka (as well as being surprised by sudden rain during long walks on the beach at sunset).<\/p><\/blockquote>\n\n\n\n<p>\u2026or something like this:<\/p>\n\n\n\n<blockquote class=\"wp-block-quote is-layout-flow wp-block-quote-is-layout-flow\"><p>The company 123 Machin Truc was created in 1971, and has continued to offer the public quality thingies since then. Located in Saint-Remy-en-Bouzemont-Saint-Genest-et-Isson, 123 Machin Truc employs 2,000 people, and manufactures all kinds of cool gadgets for the Bouzemont community.<\/p><\/blockquote>\n\n\n\n<p>As a new WordPress user, you should go to <a href=\"http:\/\/starter-wp\/wp-admin\/\">your dashboard<\/a> to delete this page and create new pages for your content. Have fun !<\/p>","protected":false},"excerpt":{"rendered":"<p>Ceci est une page d\u2019exemple. C\u2019est diff\u00e9rent d\u2019un article de blog parce qu\u2019elle restera au m\u00eame endroit et appara\u00eetra dans la navigation de votre site (dans la plupart des th\u00e8mes). La plupart des gens commencent par une page \u00ab\u00a0\u00c0 propos\u00a0\u00bb qui les pr\u00e9sente aux personnes visitant du site. Cela pourrait ressembler \u00e0 quelque chose comme [&hellip;]<\/p>\n","protected":false},"author":1,"featured_media":0,"parent":0,"menu_order":0,"comment_status":"closed","ping_status":"open","template":"","meta":{"_acf_changed":false,"footnotes":""},"class_list":["post-2","page","type-page","status-publish","hentry"],"acf":[],"yoast_head":"<!-- This site is optimized with the Yoast SEO plugin v27.5 - https:\/\/yoast.com\/product\/yoast-seo-wordpress\/ -->\n<title>Page d\u2019exemple - \u00c9rabli\u00e8re Sigewigus<\/title>\n<meta name=\"robots\" content=\"index, follow, max-snippet:-1, max-image-preview:large, max-video-preview:-1\" \/>\n<link rel=\"canonical\" href=\"https:\/\/sigewigus.com\/en\/page-d-exemple\/\" \/>\n<meta property=\"og:locale\" content=\"en_US\" \/>\n<meta property=\"og:type\" content=\"article\" \/>\n<meta property=\"og:title\" content=\"Page d\u2019exemple - \u00c9rabli\u00e8re Sigewigus\" \/>\n<meta property=\"og:description\" content=\"Ceci est une page d\u2019exemple. C\u2019est diff\u00e9rent d\u2019un article de blog parce qu\u2019elle restera au m\u00eame endroit et appara\u00eetra dans la navigation de votre site (dans la plupart des th\u00e8mes). La plupart des gens commencent par une page \u00ab\u00a0\u00c0 propos\u00a0\u00bb qui les pr\u00e9sente aux personnes visitant du site. Cela pourrait ressembler \u00e0 quelque chose comme [&hellip;]\" \/>\n<meta property=\"og:url\" content=\"https:\/\/sigewigus.com\/en\/page-d-exemple\/\" \/>\n<meta property=\"og:site_name\" content=\"\u00c9rabli\u00e8re Sigewigus\" \/>\n<meta name=\"twitter:card\" content=\"summary_large_image\" \/>\n<meta name=\"twitter:label1\" content=\"Est. reading time\" \/>\n\t<meta name=\"twitter:data1\" content=\"1 minute\" \/>\n<script type=\"application\/ld+json\" class=\"yoast-schema-graph\">{\"@context\":\"https:\\\/\\\/schema.org\",\"@graph\":[{\"@type\":\"WebPage\",\"@id\":\"https:\\\/\\\/sigewigus.com\\\/page-d-exemple\\\/\",\"url\":\"https:\\\/\\\/sigewigus.com\\\/page-d-exemple\\\/\",\"name\":\"Page d\u2019exemple - \u00c9rabli\u00e8re Sigewigus\",\"isPartOf\":{\"@id\":\"https:\\\/\\\/sigewigus.com\\\/#website\"},\"datePublished\":\"2021-12-01T20:41:00+00:00\",\"breadcrumb\":{\"@id\":\"https:\\\/\\\/sigewigus.com\\\/page-d-exemple\\\/#breadcrumb\"},\"inLanguage\":\"en-US\",\"potentialAction\":[{\"@type\":\"ReadAction\",\"target\":[\"https:\\\/\\\/sigewigus.com\\\/page-d-exemple\\\/\"]}]},{\"@type\":\"BreadcrumbList\",\"@id\":\"https:\\\/\\\/sigewigus.com\\\/page-d-exemple\\\/#breadcrumb\",\"itemListElement\":[{\"@type\":\"ListItem\",\"position\":1,\"name\":\"Accueil\",\"item\":\"https:\\\/\\\/sigewigus.com\\\/\"},{\"@type\":\"ListItem\",\"position\":2,\"name\":\"Page d\u2019exemple\"}]},{\"@type\":\"WebSite\",\"@id\":\"https:\\\/\\\/sigewigus.com\\\/#website\",\"url\":\"https:\\\/\\\/sigewigus.com\\\/\",\"name\":\"\u00c9rabli\u00e8re Sigewigus\",\"description\":\"Sirop d\u2019\u00e9rable enti\u00e8rement r\u00e9colt\u00e9, produit, et transform\u00e9 sur le Gespe\u2019gewa\u2019gi, territoire ancestral des Mi\u2019gmaq de Gespeg.\",\"publisher\":{\"@id\":\"https:\\\/\\\/sigewigus.com\\\/#organization\"},\"potentialAction\":[{\"@type\":\"SearchAction\",\"target\":{\"@type\":\"EntryPoint\",\"urlTemplate\":\"https:\\\/\\\/sigewigus.com\\\/?s={search_term_string}\"},\"query-input\":{\"@type\":\"PropertyValueSpecification\",\"valueRequired\":true,\"valueName\":\"search_term_string\"}}],\"inLanguage\":\"en-US\"},{\"@type\":\"Organization\",\"@id\":\"https:\\\/\\\/sigewigus.com\\\/#organization\",\"name\":\"\u00c9rabli\u00e8re Sigewigus\",\"url\":\"https:\\\/\\\/sigewigus.com\\\/\",\"logo\":{\"@type\":\"ImageObject\",\"inLanguage\":\"en-US\",\"@id\":\"https:\\\/\\\/sigewigus.com\\\/#\\\/schema\\\/logo\\\/image\\\/\",\"url\":\"https:\\\/\\\/sigewigus.com\\\/wp-content\\\/uploads\\\/2021\\\/12\\\/logoSigewigus.png\",\"contentUrl\":\"https:\\\/\\\/sigewigus.com\\\/wp-content\\\/uploads\\\/2021\\\/12\\\/logoSigewigus.png\",\"width\":600,\"height\":600,\"caption\":\"\u00c9rabli\u00e8re Sigewigus\"},\"image\":{\"@id\":\"https:\\\/\\\/sigewigus.com\\\/#\\\/schema\\\/logo\\\/image\\\/\"}}]}<\/script>\n<!-- \/ Yoast SEO plugin. -->","yoast_head_json":{"title":"Sample Page - Sigewigus Sugar Bush","robots":{"index":"index","follow":"follow","max-snippet":"max-snippet:-1","max-image-preview":"max-image-preview:large","max-video-preview":"max-video-preview:-1"},"canonical":"https:\/\/sigewigus.com\/en\/page-d-exemple\/","og_locale":"en_US","og_type":"article","og_title":"Page d\u2019exemple - \u00c9rabli\u00e8re Sigewigus","og_description":"Ceci est une page d\u2019exemple. C\u2019est diff\u00e9rent d\u2019un article de blog parce qu\u2019elle restera au m\u00eame endroit et appara\u00eetra dans la navigation de votre site (dans la plupart des th\u00e8mes). La plupart des gens commencent par une page \u00ab\u00a0\u00c0 propos\u00a0\u00bb qui les pr\u00e9sente aux personnes visitant du site. Cela pourrait ressembler \u00e0 quelque chose comme [&hellip;]","og_url":"https:\/\/sigewigus.com\/en\/page-d-exemple\/","og_site_name":"\u00c9rabli\u00e8re Sigewigus","twitter_card":"summary_large_image","twitter_misc":{"Est. reading time":"1 minute"},"schema":{"@context":"https:\/\/schema.org","@graph":[{"@type":"WebPage","@id":"https:\/\/sigewigus.com\/page-d-exemple\/","url":"https:\/\/sigewigus.com\/page-d-exemple\/","name":"Sample Page - Sigewigus Sugar Bush","isPartOf":{"@id":"https:\/\/sigewigus.com\/#website"},"datePublished":"2021-12-01T20:41:00+00:00","breadcrumb":{"@id":"https:\/\/sigewigus.com\/page-d-exemple\/#breadcrumb"},"inLanguage":"en-US","potentialAction":[{"@type":"ReadAction","target":["https:\/\/sigewigus.com\/page-d-exemple\/"]}]},{"@type":"BreadcrumbList","@id":"https:\/\/sigewigus.com\/page-d-exemple\/#breadcrumb","itemListElement":[{"@type":"ListItem","position":1,"name":"Accueil","item":"https:\/\/sigewigus.com\/"},{"@type":"ListItem","position":2,"name":"Page d\u2019exemple"}]},{"@type":"WebSite","@id":"https:\/\/sigewigus.com\/#website","url":"https:\/\/sigewigus.com\/","name":"Sigewigus maple grove","description":"Maple syrup entirely harvested, produced, and processed on Gespe&#039;gewa&#039;gi, ancestral territory of the Mi&#039;gmaq of Gespeg.","publisher":{"@id":"https:\/\/sigewigus.com\/#organization"},"potentialAction":[{"@type":"SearchAction","target":{"@type":"EntryPoint","urlTemplate":"https:\/\/sigewigus.com\/?s={search_term_string}"},"query-input":{"@type":"PropertyValueSpecification","valueRequired":true,"valueName":"search_term_string"}}],"inLanguage":"en-US"},{"@type":"Organization","@id":"https:\/\/sigewigus.com\/#organization","name":"Sigewigus maple grove","url":"https:\/\/sigewigus.com\/","logo":{"@type":"ImageObject","inLanguage":"en-US","@id":"https:\/\/sigewigus.com\/#\/schema\/logo\/image\/","url":"https:\/\/sigewigus.com\/wp-content\/uploads\/2021\/12\/logoSigewigus.png","contentUrl":"https:\/\/sigewigus.com\/wp-content\/uploads\/2021\/12\/logoSigewigus.png","width":600,"height":600,"caption":"\u00c9rabli\u00e8re Sigewigus"},"image":{"@id":"https:\/\/sigewigus.com\/#\/schema\/logo\/image\/"}}]}},"_links":{"self":[{"href":"https:\/\/sigewigus.com\/en\/wp-json\/wp\/v2\/pages\/2","targetHints":{"allow":["GET"]}}],"collection":[{"href":"https:\/\/sigewigus.com\/en\/wp-json\/wp\/v2\/pages"}],"about":[{"href":"https:\/\/sigewigus.com\/en\/wp-json\/wp\/v2\/types\/page"}],"author":[{"embeddable":true,"href":"https:\/\/sigewigus.com\/en\/wp-json\/wp\/v2\/users\/1"}],"replies":[{"embeddable":true,"href":"https:\/\/sigewigus.com\/en\/wp-json\/wp\/v2\/comments?post=2"}],"version-history":[{"count":0,"href":"https:\/\/sigewigus.com\/en\/wp-json\/wp\/v2\/pages\/2\/revisions"}],"wp:attachment":[{"href":"https:\/\/sigewigus.com\/en\/wp-json\/wp\/v2\/media?parent=2"}],"curies":[{"name":"wp","href":"https:\/\/api.w.org\/{rel}","templated":true}]}}