{"id":3690,"date":"2024-04-08T10:56:18","date_gmt":"2024-04-08T14:56:18","guid":{"rendered":"https:\/\/sigewigus.com\/page-de-remerciements-grossiste\/"},"modified":"2024-04-08T11:02:49","modified_gmt":"2024-04-08T15:02:49","slug":"page-de-remerciements-detaillant","status":"publish","type":"page","link":"https:\/\/sigewigus.com\/en\/page-de-remerciements-detaillant\/","title":{"rendered":"Retailer Thank You Page"},"content":{"rendered":"<div data-elementor-type=\"wp-page\" data-elementor-id=\"3690\" class=\"elementor elementor-3690\" data-elementor-post-type=\"page\">\n\t\t\t\t<div class=\"has_eae_slider elementor-element elementor-element-236f8e3a e-flex e-con-boxed e-con e-parent\" data-eae-slider=\"72088\" data-id=\"236f8e3a\" data-element_type=\"container\" data-e-type=\"container\">\n\t\t\t\t\t<div class=\"e-con-inner\">\n\t\t\t\t<div class=\"elementor-element elementor-element-dfd0a8 elementor-widget elementor-widget-text-editor\" data-id=\"dfd0a8\" data-element_type=\"widget\" data-e-type=\"widget\" data-widget_type=\"text-editor.default\">\n\t\t\t\t<div class=\"elementor-widget-container\">\n\t\t\t\t\t\t\t\t\t<p>We thank you for your registration. We will contact you shortly to discuss your account.<\/p>\t\t\t\t\t\t\t\t<\/div>\n\t\t\t\t<\/div>\n\t\t\t\t\t<\/div>\n\t\t\t\t<\/div>\n\t\t\t\t<\/div>","protected":false},"excerpt":{"rendered":"<p>We thank you for your registration. We will contact you shortly to discuss your account.<\/p>","protected":false},"author":1,"featured_media":0,"parent":0,"menu_order":0,"comment_status":"closed","ping_status":"closed","template":"","meta":{"_acf_changed":false,"footnotes":""},"class_list":["post-3690","page","type-page","status-publish","hentry"],"acf":[],"yoast_head":"<!-- This site is optimized with the Yoast SEO plugin v27.5 - https:\/\/yoast.com\/product\/yoast-seo-wordpress\/ -->\n<title>Page de remerciements D\u00e9taillant - \u00c9rabli\u00e8re Sigewigus<\/title>\n<meta name=\"robots\" content=\"index, follow, max-snippet:-1, max-image-preview:large, max-video-preview:-1\" \/>\n<link rel=\"canonical\" href=\"https:\/\/sigewigus.com\/en\/page-de-remerciements-detaillant\/\" \/>\n<meta property=\"og:locale\" content=\"en_US\" \/>\n<meta property=\"og:type\" content=\"article\" \/>\n<meta property=\"og:title\" content=\"Page de remerciements D\u00e9taillant - \u00c9rabli\u00e8re Sigewigus\" \/>\n<meta property=\"og:description\" content=\"Nous vous remercions de votre inscription. Nous vous contacterons prochainement pour discuter de votre compte.\" \/>\n<meta property=\"og:url\" content=\"https:\/\/sigewigus.com\/en\/page-de-remerciements-detaillant\/\" \/>\n<meta property=\"og:site_name\" content=\"\u00c9rabli\u00e8re Sigewigus\" \/>\n<meta property=\"article:modified_time\" content=\"2024-04-08T15:02:49+00:00\" \/>\n<meta name=\"twitter:card\" content=\"summary_large_image\" \/>\n<meta name=\"twitter:label1\" content=\"Est. reading time\" \/>\n\t<meta name=\"twitter:data1\" content=\"1 minute\" \/>\n<script type=\"application\/ld+json\" class=\"yoast-schema-graph\">{\"@context\":\"https:\\\/\\\/schema.org\",\"@graph\":[{\"@type\":\"WebPage\",\"@id\":\"https:\\\/\\\/sigewigus.com\\\/page-de-remerciements-detaillant\\\/\",\"url\":\"https:\\\/\\\/sigewigus.com\\\/page-de-remerciements-detaillant\\\/\",\"name\":\"Page de remerciements D\u00e9taillant - \u00c9rabli\u00e8re Sigewigus\",\"isPartOf\":{\"@id\":\"https:\\\/\\\/sigewigus.com\\\/#website\"},\"datePublished\":\"2024-04-08T14:56:18+00:00\",\"dateModified\":\"2024-04-08T15:02:49+00:00\",\"breadcrumb\":{\"@id\":\"https:\\\/\\\/sigewigus.com\\\/page-de-remerciements-detaillant\\\/#breadcrumb\"},\"inLanguage\":\"en-US\",\"potentialAction\":[{\"@type\":\"ReadAction\",\"target\":[\"https:\\\/\\\/sigewigus.com\\\/page-de-remerciements-detaillant\\\/\"]}]},{\"@type\":\"BreadcrumbList\",\"@id\":\"https:\\\/\\\/sigewigus.com\\\/page-de-remerciements-detaillant\\\/#breadcrumb\",\"itemListElement\":[{\"@type\":\"ListItem\",\"position\":1,\"name\":\"Accueil\",\"item\":\"https:\\\/\\\/sigewigus.com\\\/\"},{\"@type\":\"ListItem\",\"position\":2,\"name\":\"Page de remerciements D\u00e9taillant\"}]},{\"@type\":\"WebSite\",\"@id\":\"https:\\\/\\\/sigewigus.com\\\/#website\",\"url\":\"https:\\\/\\\/sigewigus.com\\\/\",\"name\":\"\u00c9rabli\u00e8re Sigewigus\",\"description\":\"Sirop d\u2019\u00e9rable enti\u00e8rement r\u00e9colt\u00e9, produit, et transform\u00e9 sur le Gespe\u2019gewa\u2019gi, territoire ancestral des Mi\u2019gmaq de Gespeg.\",\"publisher\":{\"@id\":\"https:\\\/\\\/sigewigus.com\\\/#organization\"},\"potentialAction\":[{\"@type\":\"SearchAction\",\"target\":{\"@type\":\"EntryPoint\",\"urlTemplate\":\"https:\\\/\\\/sigewigus.com\\\/?s={search_term_string}\"},\"query-input\":{\"@type\":\"PropertyValueSpecification\",\"valueRequired\":true,\"valueName\":\"search_term_string\"}}],\"inLanguage\":\"en-US\"},{\"@type\":\"Organization\",\"@id\":\"https:\\\/\\\/sigewigus.com\\\/#organization\",\"name\":\"\u00c9rabli\u00e8re Sigewigus\",\"url\":\"https:\\\/\\\/sigewigus.com\\\/\",\"logo\":{\"@type\":\"ImageObject\",\"inLanguage\":\"en-US\",\"@id\":\"https:\\\/\\\/sigewigus.com\\\/#\\\/schema\\\/logo\\\/image\\\/\",\"url\":\"https:\\\/\\\/sigewigus.com\\\/wp-content\\\/uploads\\\/2021\\\/12\\\/logoSigewigus.png\",\"contentUrl\":\"https:\\\/\\\/sigewigus.com\\\/wp-content\\\/uploads\\\/2021\\\/12\\\/logoSigewigus.png\",\"width\":600,\"height\":600,\"caption\":\"\u00c9rabli\u00e8re Sigewigus\"},\"image\":{\"@id\":\"https:\\\/\\\/sigewigus.com\\\/#\\\/schema\\\/logo\\\/image\\\/\"}}]}<\/script>\n<!-- \/ Yoast SEO plugin. -->","yoast_head_json":{"title":"Thank you page Retailer - Sigewigus Sugar Bush","robots":{"index":"index","follow":"follow","max-snippet":"max-snippet:-1","max-image-preview":"max-image-preview:large","max-video-preview":"max-video-preview:-1"},"canonical":"https:\/\/sigewigus.com\/en\/page-de-remerciements-detaillant\/","og_locale":"en_US","og_type":"article","og_title":"Page de remerciements D\u00e9taillant - \u00c9rabli\u00e8re Sigewigus","og_description":"Nous vous remercions de votre inscription. Nous vous contacterons prochainement pour discuter de votre compte.","og_url":"https:\/\/sigewigus.com\/en\/page-de-remerciements-detaillant\/","og_site_name":"\u00c9rabli\u00e8re Sigewigus","article_modified_time":"2024-04-08T15:02:49+00:00","twitter_card":"summary_large_image","twitter_misc":{"Est. reading time":"1 minute"},"schema":{"@context":"https:\/\/schema.org","@graph":[{"@type":"WebPage","@id":"https:\/\/sigewigus.com\/page-de-remerciements-detaillant\/","url":"https:\/\/sigewigus.com\/page-de-remerciements-detaillant\/","name":"Thank you page Retailer - Sigewigus Sugar Bush","isPartOf":{"@id":"https:\/\/sigewigus.com\/#website"},"datePublished":"2024-04-08T14:56:18+00:00","dateModified":"2024-04-08T15:02:49+00:00","breadcrumb":{"@id":"https:\/\/sigewigus.com\/page-de-remerciements-detaillant\/#breadcrumb"},"inLanguage":"en-US","potentialAction":[{"@type":"ReadAction","target":["https:\/\/sigewigus.com\/page-de-remerciements-detaillant\/"]}]},{"@type":"BreadcrumbList","@id":"https:\/\/sigewigus.com\/page-de-remerciements-detaillant\/#breadcrumb","itemListElement":[{"@type":"ListItem","position":1,"name":"Accueil","item":"https:\/\/sigewigus.com\/"},{"@type":"ListItem","position":2,"name":"Page de remerciements D\u00e9taillant"}]},{"@type":"WebSite","@id":"https:\/\/sigewigus.com\/#website","url":"https:\/\/sigewigus.com\/","name":"Sigewigus maple grove","description":"Maple syrup entirely harvested, produced, and processed on Gespe&#039;gewa&#039;gi, ancestral territory of the Mi&#039;gmaq of Gespeg.","publisher":{"@id":"https:\/\/sigewigus.com\/#organization"},"potentialAction":[{"@type":"SearchAction","target":{"@type":"EntryPoint","urlTemplate":"https:\/\/sigewigus.com\/?s={search_term_string}"},"query-input":{"@type":"PropertyValueSpecification","valueRequired":true,"valueName":"search_term_string"}}],"inLanguage":"en-US"},{"@type":"Organization","@id":"https:\/\/sigewigus.com\/#organization","name":"Sigewigus maple grove","url":"https:\/\/sigewigus.com\/","logo":{"@type":"ImageObject","inLanguage":"en-US","@id":"https:\/\/sigewigus.com\/#\/schema\/logo\/image\/","url":"https:\/\/sigewigus.com\/wp-content\/uploads\/2021\/12\/logoSigewigus.png","contentUrl":"https:\/\/sigewigus.com\/wp-content\/uploads\/2021\/12\/logoSigewigus.png","width":600,"height":600,"caption":"\u00c9rabli\u00e8re Sigewigus"},"image":{"@id":"https:\/\/sigewigus.com\/#\/schema\/logo\/image\/"}}]}},"_links":{"self":[{"href":"https:\/\/sigewigus.com\/en\/wp-json\/wp\/v2\/pages\/3690","targetHints":{"allow":["GET"]}}],"collection":[{"href":"https:\/\/sigewigus.com\/en\/wp-json\/wp\/v2\/pages"}],"about":[{"href":"https:\/\/sigewigus.com\/en\/wp-json\/wp\/v2\/types\/page"}],"author":[{"embeddable":true,"href":"https:\/\/sigewigus.com\/en\/wp-json\/wp\/v2\/users\/1"}],"replies":[{"embeddable":true,"href":"https:\/\/sigewigus.com\/en\/wp-json\/wp\/v2\/comments?post=3690"}],"version-history":[{"count":0,"href":"https:\/\/sigewigus.com\/en\/wp-json\/wp\/v2\/pages\/3690\/revisions"}],"wp:attachment":[{"href":"https:\/\/sigewigus.com\/en\/wp-json\/wp\/v2\/media?parent=3690"}],"curies":[{"name":"wp","href":"https:\/\/api.w.org\/{rel}","templated":true}]}}